{"id":6922,"date":"2023-11-19T10:39:22","date_gmt":"2023-11-19T10:39:22","guid":{"rendered":"https:\/\/demo.wpzoom.com\/inspiro-lite-blocks-xml\/?page_id=6922"},"modified":"2026-04-15T23:28:03","modified_gmt":"2026-04-15T21:28:03","slug":"homepage-1","status":"publish","type":"page","link":"https:\/\/abeb.fr\/","title":{"rendered":"Accueil"},"content":{"rendered":"\n<p><\/p>\n\n\n<h2>\u00a0<\/h2>\n<h2 style=\"text-align: left;\">Kesako l&rsquo;ABEB ?<\/h2>\n<p><b>L&rsquo;Association Brestoise des EtudiantEs en Biologie ou<\/b> plus simplement<b> ABEB<\/b> est une <b>association de loi 1901<\/b>,\u00a0fond\u00e9e en mai 2014 par un groupe d\u2019\u00e9tudiants en biologie \u00e0 l\u2019UBO.<\/p>\n<p>Elle a pour but d\u2019accompagner les \u00e9tudiant.e.s en biologie de l\u2019UFR Sciences, tant dans leurs \u00e9tudes (en vendant par exemple des trousses \u00e0 dissection, en organisant des conf\u00e9rences ou la semaine de l\u2019orientation) que dans leur vie quotidienne (soir\u00e9es de coh\u00e9sion, journ\u00e9es cr\u00eapes).<\/p>\n<p style=\"box-sizing: inherit; color: #444444; font-family: Inter, sans-serif;\">De fa\u00e7on plus g\u00e9n\u00e9rale, elle informe les \u00e9tudiant.e.s sur la vie associative,\u00a0d\u00e9fend leurs droits et leurs int\u00e9r\u00eats vis-\u00e0-vis des instances universitaires, du CROUS, ou d\u2019autres structures ayant trait \u00e0 la vie \u00e9tudiante, aux c\u00f4t\u00e9s de l&rsquo;AFNEUS et de la F\u00e9d\u00e9B.<\/p>\n<h2>Nos buts :<\/h2>\n<ul>\n<li data-start=\"143\" data-end=\"174\"><strong data-start=\"143\" data-end=\"172\">Accompagner les \u00e9tudiant<\/strong>\n<ul>\n<li data-start=\"143\" data-end=\"174\">Aider pendant le parcours universitaire (par exemple en proposant des trousses a dissection, l&#8217;emprunt de mat\u00e9riel)<\/li>\n<li data-start=\"143\" data-end=\"174\">Proposer des conf\u00e9rences, des ateliers ou des stands sur l&rsquo;orientation (masters) pour \u00e9clairer les choix d\u2019\u00e9tudes.<\/li>\n<\/ul>\n<\/li>\n<\/ul>\n<ul>\n<li data-start=\"143\" data-end=\"174\"><strong data-start=\"454\" data-end=\"484\">Am\u00e9liorer la vie \u00e9tudiante<\/strong>\n<ul>\n<li data-start=\"143\" data-end=\"174\">Cr\u00e9er des moments de coh\u00e9sion : soir\u00e9es, animations sur le campus &amp; \u00e9v\u00e9nements conviviaux.<\/li>\n<li data-start=\"143\" data-end=\"174\">Proposer des services utiles : pr\u00eat de mat\u00e9riel, vente de pulls ou produits de l\u2019association \/ goodies.<\/li>\n<\/ul>\n<\/li>\n<\/ul>\n<ul>\n<li data-start=\"143\" data-end=\"174\"><strong data-start=\"778\" data-end=\"805\">Informer et repr\u00e9senter<\/strong>\n<ul>\n<li data-start=\"143\" data-end=\"174\">Informer les \u00e9tudiant\u00b7e\u00b7s sur la vie universitaire, associative, leurs droits, les instances (UBO, CROUS\u2026)<\/li>\n<\/ul>\n<\/li>\n<\/ul>\n<h2>Nos articles :<\/h2>\n<p><style id=\"ultp-post-7093\" type=\"text\/css\">.ultp-block-1210ff .ultp-block-item:first-child .ultp-block-image img { width: 100%; object-fit: cover; height: 300px; }.ultp-block-1210ff .ultp-block-item:first-child { margin-bottom: 2%;}.ultp-block-1210ff .ultp-block-item:first-child .ultp-block-title,<br \/>\n          .ultp-block-1210ff .ultp-block-item:first-child .ultp-block-title a{font-size:28px;line-height:36px !important;}.ultp-block-1210ff .ultp-block-item:not(:first-child) .ultp-block-title,<br \/>\n          .ultp-block-1210ff .ultp-block-item:not(:first-child) .ultp-block-title a{font-size:20px;line-height:28px !important;letter-spacing:0px;}.ultp-block-1210ff .ultp-block-title { padding:0px 0px 15px 0px; }.ultp-block-1210ff .ultp-block-image { height:fit-content; }<br \/>\n          .ultp-block-1210ff .ultp-block-item:not(:first-child) .ultp-block-image { max-width: 150px; }.ultp-block-1210ff .ultp-block-image { height:fit-content; }<br \/>\n          .ultp-block-1210ff .ultp-block-item:not(:first-child) .ultp-block-image img { height: 500px; }.ultp-block-1210ff .ultp-block-image { filter: grayscale(0%); }.ultp-block-1210ff .ultp-block-item:hover .ultp-block-image { filter: grayscale(0%); }.ultp-block-1210ff .ultp-block-item:not(:first-child) .ultp-block-image { margin-right: 25px; }<br \/>\n          .rtl .ultp-block-1210ff .ultp-block-item:not(:first-child) .ultp-block-image { margin-right: 0; margin-left: 25px; }.ultp-block-1210ff .ultp-block-excerpt,<br \/>\n          .ultp-block-1210ff .ultp-block-excerpt p{font-size:14px;line-height:21px !important;}.ultp-block-1210ff .ultp-block-excerpt { padding: 15px 0px 0px 0px; }.ultp-block-1210ff .ultp-block-item:not(:first-child) { border-bottom-width: 1px; }.ultp-block-1210ff .ultp-block-item:not(:first-child) { padding-bottom: 30px; }<br \/>\n          .ultp-block-1210ff .ultp-block-item:not(:first-child) { margin-bottom: 30px; }.ultp-block-1210ff .ultp-first-postlist-2  .ultp-block-content { padding: 24px 24px 24px 24px; }.ultp-block-1210ff .ultp-heading-wrap .ultp-heading-inner{font-size:20px;}.ultp-block-1210ff .ultp-heading-wrap {margin-top:0; margin-bottom:20px; }.ultp-block-1210ff .ultp-pagination-wrap .ultp-pagination,<br \/>\n            .ultp-block-1210ff .ultp-loadmore { margin:35px 0px 0px 0px; }.ultp-block-1210ff span.ultp-block-meta-element,<br \/>\n            .ultp-block-1210ff .ultp-block-item span.ultp-block-meta-element a{font-size:12px;line-height:20px !important;}.ultp-block-1210ff span.ultp-block-meta-element { margin-right:10px; }<br \/>\n            .ultp-block-1210ff span.ultp-block-meta-element { padding-left: 10px; }<br \/>\n            .rtl .ultp-block-1210ff span.ultp-block-meta-element {margin-right:0; margin-left:10px; }<br \/>\n            .rtl .ultp-block-1210ff span.ultp-block-meta-element { padding-left:0; padding-right: 10px; }.ultp-block-1210ff .ultp-block-meta { margin:0px 0px 0px 0px; }.ultp-block-1210ff .ultp-block-meta { padding:0px 0px 0px 0px; }body .ultp-block-1210ff div.ultp-block-wrapper .ultp-block-items-wrap .ultp-block-item .ultp-category-grid a{font-size:14px;line-height:20px !important;}.ultp-block-1210ff .ultp-category-grid a { border-radius:2px; }.ultp-block-1210ff .ultp-category-grid a { border-radius:2px; }.ultp-block-1210ff .ultp-category-grid { margin:0px 0px 10px 0px; }.ultp-block-1210ff .ultp-category-grid a { padding:3px 7px 3px 7px; }.ultp-block-1210ff .ultp-category-grid a { padding:3px 7px 3px 7px; }.ultp-block-1210ff .ultp-block-items-wrap .ultp-block-item .ultp-block-readmore a{font-size:12px;line-height:25px !important;}.ultp-block-1210ff .ultp-block-readmore a { border-radius:2px 2px 2px 2px; }.ultp-block-1210ff .ultp-block-readmore { margin:20px 0px 0px 0px; }.ultp-block-1210ff .ultp-block-readmore a { padding:2px 6px 2px 6px; }@media (max-width: 991px) {.ultp-block-1210ff .ultp-heading-wrap {margin-top:0; margin-bottom:10px; }}@media (max-width: 767px) {.ultp-block-1210ff .ultp-block-item:first-child { margin-bottom: 40px;}.ultp-block-1210ff .ultp-block-title { padding:0px 0px 10px 0px; }.ultp-block-1210ff .ultp-block-excerpt { padding: 5px 0px 0px 0px; }.ultp-block-1210ff .ultp-block-readmore { margin:15px 0px 0px 0px; }}.ultp-block-1210ff .ultp-all-postlist-2 .ultp-block-content .ultp-block-title a { color:var(--postx_preset_Contrast_1_color) !important; }.ultp-block-1210ff .ultp-block-content .ultp-block-title a:hover { color:var(--postx_preset_Primary_color) !important; }.ultp-block-1210ff .ultp-block-item:first-child .ultp-block-title,<br \/>\n          .ultp-block-1210ff .ultp-block-item:first-child .ultp-block-title a{font-weight:500;text-decoration:none;}.ultp-block-1210ff .ultp-first-postlist-2 .ultp-block-content .ultp-block-title a { color:#fff !important; }.ultp-block-1210ff .ultp-first-postlist-2 .ultp-block-content .ultp-block-title a:hover { color:#fff !important; }.ultp-block-1210ff .ultp-block-item:not(:first-child) .ultp-block-title,<br \/>\n          .ultp-block-1210ff .ultp-block-item:not(:first-child) .ultp-block-title a{font-weight:500;text-decoration:none;}.ultp-block-1210ff .ultp-block-content-middle .ultp-block-content { -ms-flex-item-align: center;-ms-grid-row-align: center;align-self: center; }.ultp-block-1210ff .ultp-block-image img {object-fit: cover;}.ultp-block-1210ff .ultp-all-postlist-2 span.ultp-block-meta-element:hover ,<br \/>\n          .ultp-block-1210ff .ultp-block-items-wrap .ultp-all-postlist-2 span.ultp-block-meta-element:hover a { color: var(--postx_preset_Primary_color); }<br \/>\n          .ultp-block-1210ff .ultp-all-postlist-2 span.ultp-block-meta-element:hover svg { fill: var(--postx_preset_Primary_color); }.ultp-block-1210ff .ultp-block-excerpt,<br \/>\n        .ultp-block-1210ff .ultp-block-excerpt p { color:var(--postx_preset_Contrast_2_color); }.ultp-block-1210ff .ultp-block-excerpt,<br \/>\n          .ultp-block-1210ff .ultp-block-excerpt p{text-decoration:none;}.ultp-block-1210ff .ultp-block-item:not(:first-child) { border-bottom-color:var(--postx_preset_Contrast_2_color); }.ultp-block-1210ff .ultp-block-item:not(:first-child) { border-bottom-style:dashed; }.ultp-block-1210ff .ultp-block-content { text-align:left; }<br \/>\n          .ultp-block-1210ff .ultp-block-meta { justify-content: flex-start; }.ultp-block-1210ff .ultp-heading-inner,<br \/>\n          .ultp-block-1210ff .ultp-sub-heading-inner { text-align:left; }.ultp-block-1210ff .ultp-heading-wrap .ultp-heading-inner{font-weight:700;text-decoration:none;}.ultp-block-1210ff .ultp-heading-inner span { color:var(--postx_preset_Contrast_1_color); }.ultp-block-1210ff .ultp-loading .ultp-loading-blocks div { --loading-block-color: var(--postx_preset_Primary_color); }@media (min-width: 992px) {}@media only screen and (max-width: 991px) and (min-width: 768px) {}@media (max-width: 767px) {}.ultp-block-1210ff span.ultp-block-meta-element,<br \/>\n            .ultp-block-1210ff .ultp-block-item span.ultp-block-meta-element a{text-transform:capitalize;text-decoration:none;}.ultp-block-1210ff span.ultp-block-meta-element svg { fill: var(--postx_preset_Contrast_3_color); }<br \/>\n                .ultp-block-1210ff span.ultp-block-meta-element,<br \/>\n                .ultp-block-1210ff .ultp-block-items-wrap span.ultp-block-meta-element a { color: var(--postx_preset_Contrast_3_color); }.ultp-block-1210ff .ultp-block-meta-dot span:after { background:#b3b3b3; }<br \/>\n        .ultp-block-1210ff .ultp-block-items-wrap span.ultp-block-meta-element:after { color:#b3b3b3; }body .ultp-block-1210ff div.ultp-block-wrapper .ultp-block-items-wrap .ultp-block-item .ultp-category-grid a{font-weight:400;text-decoration:none;}.ultp-block-1210ff .ultp-block-items-wrap .ultp-block-item .ultp-category-grid a { color:var(--postx_preset_Primary_color); }.ultp-block-1210ff .ultp-block-items-wrap .ultp-block-item .ultp-category-grid a { color:var(--postx_preset_Primary_color); }.ultp-block-1210ff .ultp-block-items-wrap .ultp-category-grid a:hover { color:var(--postx_preset_Secondary_color); }.ultp-block-1210ff .ultp-block-items-wrap .ultp-category-grid a:hover { color:var(--postx_preset_Secondary_color); }.ultp-block-1210ff .ultp-block-items-wrap .ultp-block-item .ultp-block-readmore a{font-weight:500;text-transform:uppercase;text-decoration:underline;}.ultp-block-1210ff .ultp-block-items-wrap .ultp-block-readmore a { color:var(--postx_preset_Primary_color); }<br \/>\n            .ultp-block-1210ff .ultp-block-readmore a svg { fill:var(--postx_preset_Primary_color); }.ultp-block-1210ff .ultp-block-items-wrap .ultp-block-item .ultp-block-readmore a:hover { color:var(--postx_preset_Secondary_color); }<br \/>\n            .ultp-block-1210ff .ultp-block-readmore a:hover svg { fill:var(--postx_preset_Secondary_color) !important; }<\/style><\/p>\n<article><a href=\"https:\/\/abeb.fr\/?p=7197\"><img decoding=\"async\" src=\"https:\/\/abeb.fr\/wp-content\/uploads\/2025\/09\/poulpe.avif\" alt=\"Une pieuvre comme masquote ? \ud83d\udc19\" \/><\/a><a href=\"https:\/\/abeb.fr\/?cat=54\">Divers<\/a>\n<h2><a href=\"https:\/\/abeb.fr\/?p=7197\">Une pieuvre comme masquote ? \ud83d\udc19<\/a><\/h2>\n<p><a href=\"https:\/\/abeb.fr\/?author=1\">admin9579<\/a>Sep 19, 20252 min read<\/p>\n<p>La pieuvre pour l\u2019ABEB repr\u00e9sente notre \u00e9tat d\u2019esprit et nos valeurs. La pieuvre est un animal marin qui \u00e9tonne par son intelligence remarquable : il sait r\u00e9soudre des \u00e9nigmes, ouvrir des bocaux, utiliser des objets comme outils et m\u00eame reconna\u00eetre\u2026<\/p>\n<p><a href=\"https:\/\/abeb.fr\/?p=7197\" aria-label=\"Une pieuvre comme masquote ? \ud83d\udc19\">Read More<\/a><\/p>\n<\/article>\n\n\n<p><\/p>\n","protected":false},"excerpt":{"rendered":"<p>\u00a0 Kesako l&rsquo;ABEB ? L&rsquo;Association Brestoise des EtudiantEs en Biologie ou plus simplement ABEB est une association de loi 1901,\u00a0fond\u00e9e en mai 2014 par un groupe d\u2019\u00e9tudiants en biologie \u00e0 l\u2019UBO. Elle a pour but d\u2019accompagner les \u00e9tudiant.e.s en biologie de l\u2019UFR Sciences, tant dans leurs \u00e9tudes (en vendant par exemple des trousses \u00e0 dissection, &hellip; <\/p>\n<p class=\"link-more\"><a href=\"https:\/\/abeb.fr\/\" class=\"more-link\">Lire la suite de<span class=\"screen-reader-text\">\u00ab\u00a0Accueil\u00a0\u00bb<\/span><\/a><\/p>\n","protected":false},"author":1,"featured_media":0,"parent":0,"menu_order":0,"comment_status":"closed","ping_status":"closed","template":"page-templates\/full-width-no-title.php","meta":{"inspiro_hide_title":false,"footnotes":""},"class_list":["post-6922","page","type-page","status-publish","hentry"],"featured_media_urls":[],"_links":{"self":[{"href":"https:\/\/abeb.fr\/index.php?rest_route=\/wp\/v2\/pages\/6922","targetHints":{"allow":["GET"]}}],"collection":[{"href":"https:\/\/abeb.fr\/index.php?rest_route=\/wp\/v2\/pages"}],"about":[{"href":"https:\/\/abeb.fr\/index.php?rest_route=\/wp\/v2\/types\/page"}],"author":[{"embeddable":true,"href":"https:\/\/abeb.fr\/index.php?rest_route=\/wp\/v2\/users\/1"}],"replies":[{"embeddable":true,"href":"https:\/\/abeb.fr\/index.php?rest_route=%2Fwp%2Fv2%2Fcomments&post=6922"}],"version-history":[{"count":100,"href":"https:\/\/abeb.fr\/index.php?rest_route=\/wp\/v2\/pages\/6922\/revisions"}],"predecessor-version":[{"id":7403,"href":"https:\/\/abeb.fr\/index.php?rest_route=\/wp\/v2\/pages\/6922\/revisions\/7403"}],"wp:attachment":[{"href":"https:\/\/abeb.fr\/index.php?rest_route=%2Fwp%2Fv2%2Fmedia&parent=6922"}],"curies":[{"name":"wp","href":"https:\/\/api.w.org\/{rel}","templated":true}]}}